{"id":2551,"date":"2017-10-19T14:59:38","date_gmt":"2017-10-19T12:59:38","guid":{"rendered":"https:\/\/www.osteria-al-cicheto.it\/?page_id=2551"},"modified":"2022-09-27T11:47:07","modified_gmt":"2022-09-27T09:47:07","slug":"privacy","status":"publish","type":"page","link":"https:\/\/www.osteria-al-cicheto.it\/en\/privacy\/","title":{"rendered":"Privacy Policy"},"content":{"rendered":"<div class=\"wpb-content-wrapper\">[vc_row css=&#8221;.vc_custom_1508415440769{margin-top: 50px !important;}&#8221;][vc_column][vc_row_inner][vc_column_inner][vc_column_text]\r\n\r\nLA PRIVACY POLICY DI Osteria al Cicheto\r\n\r\n<strong>PERCHE\u2019 QUESTO AVVISO<\/strong>\r\nIn questa pagina si descrivono le modalit\u00e0 di gestione del sito in riferimento al trattamento dei dati personali degli utenti che lo consultano.\r\nSi tratta di un\u2019informativa che \u00e8 resa anche ai sensi dell\u2019art. 13 del d.lgs. n. 196\/2003 \u2013 Codice in materia di protezione dei dati personali a coloro che interagiscono con i servizi web del Titolare, accessibili per via telematica a partire dall\u2019indirizzo:\r\nwww.osteria-al-cicheto.it\r\nSi precisa che l\u2019informativa \u00e8 resa solo per il sito di cui sopra e non anche per altri siti web eventualmente consultati dall\u2019utente tramite link.\r\nL\u2019informativa si ispira anche alla Raccomandazione n. 2\/2001 che le autorit\u00e0 europee per la protezione dei dati personali, riunite nel Gruppo istituito dall\u2019art. 29 della direttiva n. 95\/46\/CE, hanno adottato il 17 maggio 2001 per individuare alcuni requisiti minimi per la raccolta di dati personali on-line, e, in particolare, le modalit\u00e0, i tempi e la natura delle informazioni che i titolari del trattamento devono fornire agli utenti quando questi si collegano a pagine web, indipendentemente dagli scopi del collegamento.\r\n\r\n<strong>IL \u201cTITOLARE\u201d DEL TRATTAMENTO<\/strong>\r\nA seguito della consultazione di questo sito possono essere trattati dati relativi a persone identificate o identificabili.\r\nIl \u201ctitolare\u201d del loro trattamento \u00e8 Osteria al Cicheto di F.lli Salin &amp; C. s.n.c. \u2013 Cannaregio 367\/A Calle della Misericordia (laterale di Lista di Spagna) 30121 Venezia\r\n\r\n<strong>LUOGO DI TRATTAMENTO DEI DATI<\/strong>\r\nI trattamenti connessi ai servizi web di questo sito hanno luogo presso la predetta sede del Titolare e sono curati solo da personale dell\u2019Ufficio incaricato del trattamento, oppure da eventuali incaricati di occasionali operazioni di manutenzione.\r\nNessun dato derivante dal servizio web viene comunicato o diffuso.\r\nI dati personali forniti dagli utenti che inoltrano richieste (di informazioni, iscrizioni a newsletter, essere contattati, ecc\u2026) sono utilizzati al solo fine di eseguire il servizio o la prestazione richiesta, salvo diversamente previsto nelle eventuali ulteriori informative specifiche sul trattamento dei dati presenti, presenti in caso di inserimento e raccolta di dati.\r\nSempre salvo non sia previsto diversamente nella singola informativa relativa al servizio richiesto, i dati sono comunicati a terzi nel solo caso in cui ci\u00f2 sia necessario ad eseguire la prestazione od il servizio richiesti.\r\nOltre al Titolare, in alcuni casi, potrebbero avere accesso ai Dati categorie di incaricati coinvolti nell\u2019organizzazione del sito come soggetti esterni (come fornitori di servizi tecnici terzi, corrieri postali, hosting provider, societ\u00e0 informatiche, agenzie di comunicazione) nominati anche, se necessario, Responsabili del Trattamento da parte del Titolare. L\u2019elenco aggiornato dei Responsabili potr\u00e0 sempre essere richiesto al Titolare del Trattamento.\r\n\r\n<strong>TIPI DI DATI TRATTATI<\/strong>\r\n<strong>Dati di navigazione<\/strong>\r\nI sistemi informatici e le procedure software preposte al funzionamento di questo sito web acquisiscono, nel corso del loro normale esercizio, alcuni dati personali la cui trasmissione \u00e8 implicita nell\u2019uso dei protocolli di comunicazione di Internet.\r\nSi tratta di informazioni che non sono raccolte per essere associate a interessati identificati, ma che per loro stessa natura potrebbero, attraverso elaborazioni ed associazioni con dati detenuti da terzi, permettere di identificare gli utenti.\r\nIn questa categoria di dati rientrano gli indirizzi IP o i nomi a dominio dei computer utilizzati dagli utenti che si connettono al sito, gli indirizzi in notazione URI (Uniform Resource Identifier) delle risorse richieste, l\u2019orario della richiesta, il metodo utilizzato nel sottoporre la richiesta al server, la dimensione del file ottenuto in risposta, il codice numerico indicante lo stato della risposta data dal server (buon fine, errore, ecc.) ed altri parametri relativi al sistema operativo e all\u2019ambiente informatico dell\u2019utente.\r\nQuesti dati vengono utilizzati al solo fine di ricavare informazioni statistiche anonime sull\u2019uso del sito e per controllarne il corretto funzionamento e vengono cancellati immediatamente dopo l\u2019elaborazione. I dati potrebbero essere utilizzati per l\u2019accertamento di responsabilit\u00e0 in caso di ipotetici reati informatici ai danni del sito: salva questa eventualit\u00e0, allo stato i dati sui contatti web non persistono per pi\u00f9 di sette giorni.\r\n\r\n<strong>Dati forniti volontariamente dall\u2019utente<\/strong>\r\nL\u2019invio facoltativo, esplicito e volontario di posta elettronica agli indirizzi indicati su questo sito o la compilazione di appositi form di inserimento dati per ricevere servizi\/informazioni od effettuare richieste comporta la successiva acquisizione dell\u2019indirizzo del mittente, necessario per rispondere alle richieste, nonch\u00e9 degli eventuali altri dati personali inseriti nella missiva.\r\nSpecifiche informative di sintesi ed eventuali richieste di consenso, se necessario, verranno progressivamente riportate o visualizzate nelle pagine del sito predisposte per particolari servizi a richiesta.\r\n\r\n<strong>COOKIES<\/strong>\r\nNessun dato personale degli utenti viene in proposito acquisito dal sito.\r\nNon viene fatto uso di cookies per la trasmissione di informazioni di carattere personale. Vengono utilizzati cookies esclusivamente per permettere il funzionamento di alcune parti del sito internet e, in particolare, per mantenere l\u2019accesso all\u2019area riservata del sito. L\u2019utente pu\u00f2 rifiutare di usare i cookies selezionando l\u2019impostazione appropriata sul proprio browser, ma ci\u00f2 potrebbe impedire l\u2019utilizzo di tutte le funzionalit\u00e0 del sito.\r\nChe cos\u2019\u00e8 un cookie?\r\nI cookies sono piccoli file di testo che vengono scaricati dal vostro computer o dispositivo mobile quando visitate un sito web. I cookies possono essere impostati dal titolare del sito o da una parte terza. Essi sono ampiamenti usati per far funzionare i siti web, o farli funzionare in modo migliore e pi\u00f9 efficiente. Ci\u00f2 \u00e8 possibile in quanto i siti sono in grado di leggere e modificare questi file, che cos\u00ec possono riconoscervi e ricordare informazioni importanti, rendendovi pi\u00f9 agevole l\u2019uso e la navigazione di quei siti.\r\n\r\n<strong>Quali cookies usiamo?<\/strong>\r\nCookie tecnici ai sensi del Provvedimento del Garante Privacy \u201cIndividuazione delle modalit\u00e0 semplificate per l\u2019informativa e l\u2019acquisizione del consenso per l\u2019uso dei cookie \u2013 8 maggio 2014\u201d (Pubblicato sulla Gazzetta Ufficiale n. 126 del 3 giugno 2014)\r\n\u201cI cookie tecnici sono quelli utilizzati al solo fine di \u201d effettuare la trasmissione di una comunicazione su una rete di comunicazione elettronica, o nella misura strettamente necessaria al fornitore di un servizio della societ\u00e0 dell\u2019informazione esplicitamente richiesto dall\u2019abbonato o dall\u2019utente a erogare tale servizio\u201d (cfr. art. 122, comma 1, del Codice).\r\nEssi non vengono utilizzati per scopi ulteriori e sono normalmente installati direttamente dal titolare o gestore del sito web. Possono essere suddivisi in cookie di navigazione o di sessione, che garantiscono la normale navigazione e fruizione del sito web (permettendo, ad esempio, di realizzare un acquisto o autenticarsi per accedere ad aree riservate); cookie analytics, assimilati ai cookie tecnici laddove utilizzati direttamente dal gestore del sito per raccogliere informazioni, in forma aggregata, sul numero degli utenti e su come questi visitano il sito stesso; cookie di funzionalit\u00e0, che permettono all\u2019utente la navigazione in funzione di una serie di criteri selezionati (ad esempio, la lingua, i prodotti selezionati per l\u2019acquisto) al fine di migliorare il servizio reso allo stesso.\r\nPer l\u2019installazione di tali cookie non \u00e8 richiesto il preventivo consenso degli utenti, mentre resta fermo l\u2019obbligo di dare l\u2019informativa ai sensi dell\u2019art. 13 del Codice, che il gestore del sito, qualora utilizzi soltanto tali dispositivi, potr\u00e0 fornire con le modalit\u00e0 che ritiene pi\u00f9 idonee.\u201d\r\n\r\n<strong>COOKIE TECNICI<\/strong>\r\n<strong>Sicurezza<\/strong>\r\nUtilizziamo i cookie di sicurezza per autenticare gli utenti ed evitare possibili intrusioni all\u2019area riservata.\r\nPreferenze e stato della sessione\r\nQuesti cookies vengono utilizzati per memorizzare le scelte dell\u2019utente e mantenerle durante la visita del sito.\r\n\r\n<strong>COOKIE DI TERZE PARTI<\/strong>\r\n<strong>Analytics<\/strong>\r\nGoogle Analytics \u00e8 uno strumento di analisi di Google che aiuta i proprietari di siti web e app a capire come i visitatori interagiscono con i contenuti di loro propriet\u00e0. Si pu\u00f2 utilizzare un set di cookie per raccogliere informazioni e generare statistiche di utilizzo del sito web senza identificazione personale dei singoli visitatori da parte di Google.\r\n\r\n<strong>Social-plugin<\/strong>\r\nSono parti di codice generate direttamente dai siti proprietari del plugin ed integrati nella pagina del sito che ne fa utilizzo. La maggior parte di questi plugin \u00e8 finalizzata alla condivisione veloce dei contenuti del sito sui social network.\r\nLa loro presenza spesso comporta la trasmissione di cookie da e verso i siti gestiti da terze parti.\r\nLa raccolta di queste informazioni \u00e8 disciplinata dalle relative informative, alla quale vi rimandiamo.\r\n\r\n<strong>COME GESTISCO I COOKIES?<\/strong>\r\nPotete rifiutare o accettare i cookies dal Sito in ogni momento modificando le impostazioni del vostro browser. Per informazioni sulla procedura da seguire per abilitare o disabilitare i cookies, andate sul sito del vostro browser partendo dalla schermata di aiuto. Per informazioni relative ai browser comunemente in uso potete anche far riferimento alla seguente pagina: www.tecnoprogress.net\/browser\/ . Si tenga presente che se i cookies sono disabilitati, alcune funzionalit\u00e0 del Sito potrebbero non operare come auspicato.\r\n\r\n<strong>FACOLTATIVITA\u2019 DEL CONFERIMENTO DEI DATI<\/strong>\r\nA parte quanto specificato per i dati di navigazione, l\u2019utente \u00e8 libero di fornire i dati personali riportati nei moduli di richiesta o comunque indicati in contatti con il Titolare.\r\nIl loro mancato conferimento pu\u00f2 comportare l\u2019impossibilit\u00e0 di ottenere quanto richiesto.\r\n\r\n<strong>MODALITA\u2019 DEL TRATTAMENTO<\/strong>\r\nI dati personali sono trattati con strumenti automatizzati per il tempo strettamente necessario a conseguire gli scopi per cui sono stati raccolti.\r\nSpecifiche misure di sicurezza sono osservate per prevenire la perdita dei dati, usi illeciti o non corretti ed accessi non autorizzati.\r\n\r\n<strong>DIRITTI DEGLI INTERESSATI<\/strong>\r\nI soggetti cui si riferiscono i dati personali hanno il diritto in qualunque momento di ottenere la conferma dell\u2019esistenza o meno dei medesimi dati e di conoscerne il contenuto e l\u2019origine, verificarne l\u2019esattezza o chiederne l\u2019integrazione o l\u2019aggiornamento, oppure la rettificazione (art. 7 del d.lgs. n. 196\/2003).\r\nAi sensi del medesimo articolo si ha il diritto di chiedere la cancellazione, la trasformazione in forma anonima o il blocco dei dati trattati in violazione di legge, nonch\u00e9 di opporsi in ogni caso, per motivi legittimi, al loro trattamento.\r\nLe richieste vanno rivolte al seguente indirizzo: Osteria al Cicheto di F.lli Salin &amp; C. s.n.c. \u2013 Cannaregio 367\/A Calle della Misericordia (laterale di Lista di Spagna) 30121 Venezia\r\nIl presente documento costituisce la \u201cPrivacy Policy\u201d di questo sito che potr\u00e0 essere soggetta ad aggiornamenti periodici.\r\n\r\n[\/vc_column_text][\/vc_column_inner][\/vc_row_inner][\/vc_column][\/vc_row]<\/div>","protected":false},"excerpt":{"rendered":"[vc_row css=&#8221;.vc_custom_1508415440769{margin-top: 50px !important;}&#8221;][vc_column][vc_row_inner][vc_column_inner][vc_column_text] LA PRIVACY POLICY DI Osteria al Cicheto PERCHE\u2019 QUESTO AVVISO In questa pagina si descrivono le modalit\u00e0 di gestione del sito in riferimento al trattamento dei dati personali degli utenti che lo consultano. Si tratta di un\u2019informativa che \u00e8 resa anche ai sensi dell\u2019art. 13 del d.lgs. n. 196\/2003 \u2013 Codice [&hellip;]","protected":false},"author":13,"featured_media":0,"parent":0,"menu_order":0,"comment_status":"closed","ping_status":"open","template":"","meta":{"_acf_changed":false,"footnotes":""},"class_list":["post-2551","page","type-page","status-publish","hentry"],"acf":[],"yoast_head":"<!-- This site is optimized with the Yoast SEO plugin v25.3.1 - https:\/\/yoast.com\/wordpress\/plugins\/seo\/ -->\n<title>Privacy Policy - Osteria al Cicheto<\/title>\n<meta name=\"robots\" content=\"index, follow, max-snippet:-1, max-image-preview:large, max-video-preview:-1\" \/>\n<link rel=\"canonical\" href=\"https:\/\/www.osteria-al-cicheto.it\/en\/privacy-policy\/\" \/>\n<meta property=\"og:locale\" content=\"en_US\" \/>\n<meta property=\"og:type\" content=\"article\" \/>\n<meta property=\"og:title\" content=\"Privacy Policy - Osteria al Cicheto\" \/>\n<meta property=\"og:description\" content=\"[vc_row css=&#8221;.vc_custom_1508415440769{margin-top: 50px !important;}&#8221;][vc_column][vc_row_inner][vc_column_inner][vc_column_text] LA PRIVACY POLICY DI Osteria al Cicheto PERCHE\u2019 QUESTO AVVISO In questa pagina si descrivono le modalit\u00e0 di gestione del sito in riferimento al trattamento dei dati personali degli utenti che lo consultano. Si tratta di un\u2019informativa che \u00e8 resa anche ai sensi dell\u2019art. 13 del d.lgs. n. 196\/2003 \u2013 Codice [&hellip;]\" \/>\n<meta property=\"og:url\" content=\"https:\/\/www.osteria-al-cicheto.it\/en\/privacy-policy\/\" \/>\n<meta property=\"og:site_name\" content=\"Osteria al Cicheto\" \/>\n<meta property=\"article:modified_time\" content=\"2022-09-27T09:47:07+00:00\" \/>\n<meta name=\"twitter:card\" content=\"summary_large_image\" \/>\n<meta name=\"twitter:label1\" content=\"Est. reading time\" \/>\n\t<meta name=\"twitter:data1\" content=\"9 minutes\" \/>\n<script type=\"application\/ld+json\" class=\"yoast-schema-graph\">{\"@context\":\"https:\/\/schema.org\",\"@graph\":[{\"@type\":\"WebPage\",\"@id\":\"https:\/\/www.osteria-al-cicheto.it\/en\/privacy-policy\/\",\"url\":\"https:\/\/www.osteria-al-cicheto.it\/en\/privacy-policy\/\",\"name\":\"Privacy Policy - Osteria al Cicheto\",\"isPartOf\":{\"@id\":\"https:\/\/www.osteria-al-cicheto.it\/en\/#website\"},\"datePublished\":\"2017-10-19T12:59:38+00:00\",\"dateModified\":\"2022-09-27T09:47:07+00:00\",\"breadcrumb\":{\"@id\":\"https:\/\/www.osteria-al-cicheto.it\/en\/privacy-policy\/#breadcrumb\"},\"inLanguage\":\"en-US\",\"potentialAction\":[{\"@type\":\"ReadAction\",\"target\":[[\"https:\/\/www.osteria-al-cicheto.it\/en\/privacy-policy\/\"]]}]},{\"@type\":\"BreadcrumbList\",\"@id\":\"https:\/\/www.osteria-al-cicheto.it\/en\/privacy-policy\/#breadcrumb\",\"itemListElement\":[{\"@type\":\"ListItem\",\"position\":1,\"name\":\"Home\",\"item\":\"https:\/\/www.osteria-al-cicheto.it\/en\/\"},{\"@type\":\"ListItem\",\"position\":2,\"name\":\"Privacy Policy\"}]},{\"@type\":\"WebSite\",\"@id\":\"https:\/\/www.osteria-al-cicheto.it\/en\/#website\",\"url\":\"https:\/\/www.osteria-al-cicheto.it\/en\/\",\"name\":\"Osteria al Cicheto\",\"description\":\"\",\"potentialAction\":[{\"@type\":\"SearchAction\",\"target\":{\"@type\":\"EntryPoint\",\"urlTemplate\":\"https:\/\/www.osteria-al-cicheto.it\/en\/?s={search_term_string}\"},\"query-input\":{\"@type\":\"PropertyValueSpecification\",\"valueRequired\":true,\"valueName\":\"search_term_string\"}}],\"inLanguage\":\"en-US\"}]}<\/script>\n<!-- \/ Yoast SEO plugin. -->","yoast_head_json":{"title":"Privacy Policy - Osteria al Cicheto","robots":{"index":"index","follow":"follow","max-snippet":"max-snippet:-1","max-image-preview":"max-image-preview:large","max-video-preview":"max-video-preview:-1"},"canonical":"https:\/\/www.osteria-al-cicheto.it\/en\/privacy-policy\/","og_locale":"en_US","og_type":"article","og_title":"Privacy Policy - Osteria al Cicheto","og_description":"[vc_row css=&#8221;.vc_custom_1508415440769{margin-top: 50px !important;}&#8221;][vc_column][vc_row_inner][vc_column_inner][vc_column_text] LA PRIVACY POLICY DI Osteria al Cicheto PERCHE\u2019 QUESTO AVVISO In questa pagina si descrivono le modalit\u00e0 di gestione del sito in riferimento al trattamento dei dati personali degli utenti che lo consultano. Si tratta di un\u2019informativa che \u00e8 resa anche ai sensi dell\u2019art. 13 del d.lgs. n. 196\/2003 \u2013 Codice [&hellip;]","og_url":"https:\/\/www.osteria-al-cicheto.it\/en\/privacy-policy\/","og_site_name":"Osteria al Cicheto","article_modified_time":"2022-09-27T09:47:07+00:00","twitter_card":"summary_large_image","twitter_misc":{"Est. reading time":"9 minutes"},"schema":{"@context":"https:\/\/schema.org","@graph":[{"@type":"WebPage","@id":"https:\/\/www.osteria-al-cicheto.it\/en\/privacy-policy\/","url":"https:\/\/www.osteria-al-cicheto.it\/en\/privacy-policy\/","name":"Privacy Policy - Osteria al Cicheto","isPartOf":{"@id":"https:\/\/www.osteria-al-cicheto.it\/en\/#website"},"datePublished":"2017-10-19T12:59:38+00:00","dateModified":"2022-09-27T09:47:07+00:00","breadcrumb":{"@id":"https:\/\/www.osteria-al-cicheto.it\/en\/privacy-policy\/#breadcrumb"},"inLanguage":"en-US","potentialAction":[{"@type":"ReadAction","target":[["https:\/\/www.osteria-al-cicheto.it\/en\/privacy-policy\/"]]}]},{"@type":"BreadcrumbList","@id":"https:\/\/www.osteria-al-cicheto.it\/en\/privacy-policy\/#breadcrumb","itemListElement":[{"@type":"ListItem","position":1,"name":"Home","item":"https:\/\/www.osteria-al-cicheto.it\/en\/"},{"@type":"ListItem","position":2,"name":"Privacy Policy"}]},{"@type":"WebSite","@id":"https:\/\/www.osteria-al-cicheto.it\/en\/#website","url":"https:\/\/www.osteria-al-cicheto.it\/en\/","name":"Osteria al Cicheto","description":"","potentialAction":[{"@type":"SearchAction","target":{"@type":"EntryPoint","urlTemplate":"https:\/\/www.osteria-al-cicheto.it\/en\/?s={search_term_string}"},"query-input":{"@type":"PropertyValueSpecification","valueRequired":true,"valueName":"search_term_string"}}],"inLanguage":"en-US"}]}},"_links":{"self":[{"href":"https:\/\/www.osteria-al-cicheto.it\/en\/wp-json\/wp\/v2\/pages\/2551","targetHints":{"allow":["GET"]}}],"collection":[{"href":"https:\/\/www.osteria-al-cicheto.it\/en\/wp-json\/wp\/v2\/pages"}],"about":[{"href":"https:\/\/www.osteria-al-cicheto.it\/en\/wp-json\/wp\/v2\/types\/page"}],"author":[{"embeddable":true,"href":"https:\/\/www.osteria-al-cicheto.it\/en\/wp-json\/wp\/v2\/users\/13"}],"replies":[{"embeddable":true,"href":"https:\/\/www.osteria-al-cicheto.it\/en\/wp-json\/wp\/v2\/comments?post=2551"}],"version-history":[{"count":0,"href":"https:\/\/www.osteria-al-cicheto.it\/en\/wp-json\/wp\/v2\/pages\/2551\/revisions"}],"wp:attachment":[{"href":"https:\/\/www.osteria-al-cicheto.it\/en\/wp-json\/wp\/v2\/media?parent=2551"}],"curies":[{"name":"wp","href":"https:\/\/api.w.org\/{rel}","templated":true}]}}