{"id":2749,"date":"2023-05-05T15:14:50","date_gmt":"2023-05-05T13:14:50","guid":{"rendered":"https:\/\/www.osteria-al-cicheto.it\/?page_id=2749"},"modified":"2026-03-18T11:01:05","modified_gmt":"2026-03-18T10:01:05","slug":"home","status":"publish","type":"page","link":"https:\/\/www.osteria-al-cicheto.it\/it\/","title":{"rendered":"Home"},"content":{"rendered":"<div class=\"wpb-content-wrapper\">[vc_row css=&#8221;.vc_custom_1589450047649{background-color: #e2e2e2 !important;}&#8221;][vc_column][vc_column_text css=&#8221;.vc_custom_1773827956226{margin-bottom: 10px !important;}&#8221;]\r\n<p style=\"text-align: center;\"><a href=\"https:\/\/maps.app.goo.gl\/rLBj6B5FRLTpo8Rp9\" target=\"_blank\" rel=\"noopener\">Venezia &#8211; Cannaregio 367\/A<\/a>\r\nTelefono: <a href=\"tel:+3941716037\">+39041716037<\/a>\r\nEmail: <a href=\"mailto:osteria.al.cicheto@gmail.com\" target=\"_blank\" rel=\"noopener\">osteria.al.cicheto@gmail.com<\/a>\r\nAperto dal luned\u00ec a sabato a pranzo e cena, domenica chiuso<\/p>\r\n<p style=\"text-align: center;\"><strong>\u00a0<\/strong><\/p>\r\n[\/vc_column_text][vc_column_text css=&#8221;&#8221;]\r\n<div class=\"foto-piatti-desktop\" style=\"text-align: center;\">\r\n\r\n<a class=\"btn-gold foto-piatti\" href=\"https:\/\/www.instagram.com\/osteria.al.cicheto\" target=\"_blank\" rel=\"noopener\">FOTO PIATTI <i class=\"fa-brands fa-instagram\" style=\"color: #ffffff; font-weight: 600;\"><\/i><\/a>\r\n<p style=\"text-align: center;\"><a class=\"btn-gold\" href=\"#map\">GUARDA LA MAPPA<\/a><\/p>\r\n\r\n<\/div>\r\n[\/vc_column_text][\/vc_column][\/vc_row][vc_row disable_element=&#8221;yes&#8221; css=&#8221;.vc_custom_1596707724708{background-color: #e2e2e2 !important;}&#8221;][vc_column width=&#8221;1\/2&#8243;][vc_column_text]\r\n<div style=\"text-align: center;\"><a href=\"https:\/\/www.osteria-al-cicheto.it\/wp-content\/uploads\/2020\/08\/MENU-PRANZO-PER-TELEFONINO.3.pdf\" class=\"broken_link\"><strong>Men\u00f9 PRANZO<\/strong><\/a><\/div>\r\n[\/vc_column_text][\/vc_column][vc_column width=&#8221;1\/2&#8243;][vc_column_text]\r\n<div style=\"text-align: center;\"><a href=\"https:\/\/www.osteria-al-cicheto.it\/wp-content\/uploads\/2020\/08\/MENU-CENA-PER-TELEFONINO.3.3.pdf\" class=\"broken_link\"><strong>Men\u00f9 CENA<\/strong><\/a><\/div>\r\n[\/vc_column_text][\/vc_column][\/vc_row][vc_row css=&#8221;.vc_custom_1711623554299{margin-top: 20px !important;margin-bottom: 0px !important;padding-bottom: 0px !important;}&#8221;][vc_column][vc_row_inner css=&#8221;.vc_custom_1711623047719{margin-bottom: 0px !important;border-bottom-width: 0px !important;}&#8221;][vc_column_inner width=&#8221;1\/2&#8243; css=&#8221;.vc_custom_1711624184194{margin-top: 0px !important;padding-top: 0px !important;}&#8221;][vc_gallery type=&#8221;nivo&#8221; interval=&#8221;3&#8243; images=&#8221;3018,3013,2989,3003,3006,2999,3009,3008,3007,3004,3012,3000,2997,2996,2993,2992,2990,3015,2985,2982,2981,2980,3014,2979,2994,2978,2977,2976,2975,2974,2973,3001,2972,2971,2970,2969&#8243; img_size=&#8221;full&#8221; css=&#8221;&#8221;][vc_raw_html css=&#8221;&#8221;]JTNDZGl2JTIwY2xhc3MlM0QlMjJmb3RvLXBpYXR0aS1tb2JpbGUlMjIlM0UlM0NhJTIwY2xhc3MlM0QlMjJidG4tZ29sZCUyMGZvdG8tcGlhdHRpJTIyJTIwaHJlZiUzRCUyMmh0dHBzJTNBJTJGJTJGd3d3Lmluc3RhZ3JhbS5jb20lMkZvc3RlcmlhLmFsLmNpY2hldG8lMjIlMjB0YXJnZXQlM0QlMjJfYmxhbmslMjIlM0VGT1RPJTIwUElBVFRJJTNDJTJGYSUzRSUzQyUyRmRpdiUzRQ==[\/vc_raw_html][\/vc_column_inner][vc_column_inner width=&#8221;1\/2&#8243; css=&#8221;.vc_custom_1711624150301{margin-top: 0px !important;padding-top: 0px !important;}&#8221;][vc_column_text]L\u2019Osteria al Cicheto \u00e8 un piccolo bacaro veneziano nascosto in una calle a pochi minuti a piedi dalla stazione ferroviaria di Venezia, comodo da raggiungere per un aperitivo, per uno spuntino o per pranzo vero e proprio.\r\n\r\nAl bancone si possono assaggiare i fritti della casa o i tradizionali \u2018cicheti\u2019 gustando un buon bicchiere di vino. La cantina \u00e8 il valore aggiunto dell\u2019Osteria: a Venezia il Cicheto \u00e8 conosciuto e frequentato specialmente per come ricerca e seleziona le etichette! La carta dei vini d\u00e0 precedenza a cantine piccole, piccolissime e talvolta sconosciute del Veneto e del Friuli scegliendo produzioni artigianali, naturali e biodinamiche. Tutti i giorni alla lavagna viene proposta almeno una ventina di vini al calice.\r\n\r\nAi tavoli si pu\u00f2 pranzare o cenare gustando i pi\u00f9 famosi piatti della tradizione veneziana realizzati con grande cura e attenzione alle materie prime e ai loro produttori.[\/vc_column_text][\/vc_column_inner][\/vc_row_inner][\/vc_column][\/vc_row][vc_row full_width=&#8221;stretch_row&#8221; css=&#8221;.vc_custom_1711624665135{margin-top: -15px !important;}&#8221;][vc_column][vc_column_text css=&#8221;.vc_custom_1711623465713{margin-top: 0px !important;margin-bottom: 15px !important;}&#8221;]\r\n<h3 style=\"text-align: center;\"><strong><span style=\"color: #ffa63e;\">PRENOTAZIONI<\/span><\/strong><\/h3>\r\n[\/vc_column_text][vc_column_text css=&#8221;&#8221;]<span style=\"font-size: medium;\">Per la CENA si accettano prenotazioni telefoniche solo per il giorno stesso o per il giorno successivo (per prenotare con maggior anticipo \u00e8 necessario inviare una richiesta via mail seguendo le modalit\u00e0 indicate sotto). Per prenotare a PRANZO si pu\u00f2 telefonare senza alcun giorno di preavviso.<\/span>[\/vc_column_text][vc_column_text][\/vc_column_text][vc_column_text css=&#8221;&#8221;]\r\n<h3 style=\"text-align: center;\"><strong><span style=\"color: #ffa63e;\">COSA PROPONIAMO PER LA CENA<\/span><\/strong><\/h3>\r\n<p style=\"text-align: center;\"><span style=\"font-size: medium;\">Per cena proponiamo esclusivamente tre combinazioni a prezzo fisso che prevedono almeno due piatti a persona:<\/span><\/p>\r\n<p style=\"text-align: center;\"><strong><span style=\"font-size: medium;\">Antipasto + Primo 35,00<\/span><\/strong><\/p>\r\n<p style=\"text-align: center;\"><strong><span style=\"font-size: medium;\">Antipasto o Primo + Secondo 37,00<\/span><\/strong><\/p>\r\n<p style=\"text-align: center;\"><strong><span style=\"font-size: medium;\">Tre piatti 47,00<\/span><\/strong><\/p>\r\n\r\n<h4><\/h4>\r\n[\/vc_column_text][vc_column_text][\/vc_column_text][vc_column_text css=&#8221;.vc_custom_1711463642018{margin-bottom: 15px !important;}&#8221;]\r\n<h3 style=\"text-align: center;\"><strong><span style=\"color: #ffa63e;\">COME PRENOTARE LA CENA SUL NOSTRO SITO UFFICIALE<\/span><\/strong><\/h3>\r\n[\/vc_column_text][vc_column_text]<span style=\"font-size: medium;\">Per prenotare inviate una mail all\u2019indirizzo <a href=\"mailto:cicheto.ve@gmail.com\">cicheto.ve@gmail.com<\/a> indicando il giorno, l\u2019orario e il numero di persone per cui volete prenotare. Assieme al vostro nome lasciateci il numero del vostro telefonino nel caso avessimo bisogno di contattarvi.<\/span>\r\n\r\n<span style=\"font-size: medium;\">Se il tavolo richiesto \u00e8 disponibile vi invieremo una mail per chiedervi un deposito di 20,00 euro a persona a garanzia della prenotazione.<\/span>\r\n\r\n<span style=\"font-size: medium;\">Il pagamento \u00e8 semplice e sicuro. Cliccate sul link della mail che riceverete e compilate con i dati della vostra carta di credito. IL DEPOSITO NON VERRA\u2019 INCASSATO MA SOLO TRATTENUTO a garanzia della vostra prenotazione e liberato al momento della cena.<\/span>\r\n\r\n<span style=\"font-size: medium;\">Potrete tranquillamente disdire senza penali fino a 24 ore prima della prenotazione. In caso di disdetta fatta meno di 24 ore precedenti la prenotazione non avrete diritto ad alcun rimborso della deposito versato.<\/span>\r\n\r\n<span style=\"font-size: medium;\">Vi chiediamo cortesemente di essere puntuali: il ritardo massimo tollerato \u00e8 di 15 minuti.<\/span>[\/vc_column_text][vc_column_text][\/vc_column_text][vc_column_text css=&#8221;.vc_custom_1711463648075{margin-bottom: 15px !important;}&#8221;]\r\n<h3 style=\"text-align: center;\"><strong><span style=\"color: #ffa63e;\">ALCUNE INFORMAZIONI<\/span><\/strong><\/h3>\r\n[\/vc_column_text][vc_column_text css=&#8221;.vc_custom_1711620946919{padding-right: 0px !important;padding-left: 0px !important;}&#8221;]La nostra osteria \u00e8 davvero molto piccola (sette tavolini in tutto!). Per questo motivo la cena \u00e8 organizzata su due fasce orarie: una dalle 19:00 (o prima) alle 21.00, l\u2019altra dalle 21.00 in poi.\r\n\r\nPer lo stesso motivo serviamo la cena sia su tavoli di altezza normale che su tavoli alti (seduta alta su sgabelli) e accettiamo prenotazioni per non pi\u00f9 di quattro persone insieme.\r\n\r\nInoltre se venite a cena con il vostro cane abbiate la cortesia di avvisarci: visti i nostri spazi ridotti accomodiamo gli Ospiti con i loro amici animali solo in alcuni tavoli.[\/vc_column_text][vc_column_text][\/vc_column_text][vc_column_text]\r\n<h3 style=\"text-align: center;\"><strong><span style=\"color: #ffa63e;\">VI ASPETTIAMO !<\/span><\/strong><\/h3>\r\n[\/vc_column_text][\/vc_column][\/vc_row][vc_row][vc_column][vc_separator color=&#8221;custom&#8221; style=&#8221;dashed&#8221; accent_color=&#8221;#9e9e9e&#8221;][\/vc_column][\/vc_row][vc_row el_id=&#8221;map&#8221;][vc_column width=&#8221;1\/2&#8243;][vc_column_text]\r\n<h3 style=\"text-align: center;\">VIENI A TROVARCI<\/h3>\r\n[\/vc_column_text][vc_gmaps link=&#8221;#E-8_JTNDaWZyYW1lJTIwc3JjJTNEJTIyaHR0cHMlM0ElMkYlMkZ3d3cuZ29vZ2xlLmNvbSUyRm1hcHMlMkZlbWJlZCUzRnBiJTNEJTIxMW0xNCUyMTFtOCUyMTFtMyUyMTFkMTExOTcuNDYzMjgxMDU5NTE2JTIxMmQxMi4zMjI5NTA3JTIxM2Q0NS40NDIyODM5JTIxM20yJTIxMWkxMDI0JTIxMmk3NjglMjE0ZjEzLjElMjEzbTMlMjExbTIlMjExczB4MCUyNTNBMHhhNjAyZDhlZGFkMDc4ZGQ3JTIxMnNPc3RlcmlhJTJCYWwlMkJDaWNoZXRvJTIxNWUwJTIxM20yJTIxMXNpdCUyMTJzaXQlMjE0djE1MDg0MTUyNDM5NDMlMjIlMjB3aWR0aCUzRCUyMjgwMCUyMiUyMGhlaWdodCUzRCUyMjYwMCUyMiUyMGZyYW1lYm9yZGVyJTNEJTIyMCUyMiUyMHN0eWxlJTNEJTIyYm9yZGVyJTNBMCUyMiUyMGFsbG93ZnVsbHNjcmVlbiUzRSUzQyUyRmlmcmFtZSUzRQ==&#8221; size=&#8221;350&#8243;][\/vc_column][vc_column width=&#8221;1\/2&#8243; el_id=&#8221;tripadvisor-box&#8221;][vc_column_text]\r\n<h3 style=\"text-align: center;\">LEGGI LE RECENSIONI DI CHI \u00c8 GI\u00c0 STATO DA NOI<\/h3>\r\n[\/vc_column_text][vc_raw_html]JTNDZGl2JTIwaWQlM0QlMjJUQV9zZWxmc2VydmVwcm9wNTAwJTIyJTIwY2xhc3MlM0QlMjJUQV9zZWxmc2VydmVwcm9wJTIyJTNFJTBBJTNDdWwlMjBpZCUzRCUyMmdWcHVPY3lDc24wJTIyJTIwY2xhc3MlM0QlMjJUQV9saW5rcyUyMHRkYlRDT29tJTIyJTNFJTBBJTNDbGklMjBpZCUzRCUyMnExM0x1enhiUVMlMjIlMjBjbGFzcyUzRCUyMmZyRnNKUSUyMiUzRSUwQSUzQ2ElMjB0YXJnZXQlM0QlMjJfYmxhbmslMjIlMjBocmVmJTNEJTIyaHR0cHMlM0ElMkYlMkZ3d3cudHJpcGFkdmlzb3IuaXQlMkYlMjIlM0UlM0NpbWclMjBzcmMlM0QlMjJodHRwcyUzQSUyRiUyRnd3dy50cmlwYWR2aXNvci5pdCUyRmltZyUyRmNkc2klMkZpbWcyJTJGYnJhbmRpbmclMkYxNTBfbG9nby0xMTkwMC0yLnBuZyUyMiUyMGFsdCUzRCUyMlRyaXBBZHZpc29yJTIyJTJGJTNFJTNDJTJGYSUzRSUwQSUzQyUyRmxpJTNFJTBBJTNDJTJGdWwlM0UlMEElM0MlMkZkaXYlM0UlMEElM0NzY3JpcHQlMjBzcmMlM0QlMjJodHRwcyUzQSUyRiUyRnd3dy5qc2NhY2hlLmNvbSUyRndlanMlM0Z3dHlwZSUzRHNlbGZzZXJ2ZXByb3AlMjZhbXAlM0J1bmlxJTNENTAwJTI2YW1wJTNCbG9jYXRpb25JZCUzRDM1MTIyOTAlMjZhbXAlM0JsYW5nJTNEaXQlMjZhbXAlM0JyYXRpbmclM0R0cnVlJTI2YW1wJTNCbnJldmlld3MlM0Q0JTI2YW1wJTNCd3JpdGVyZXZpZXdsaW5rJTNEZmFsc2UlMjZhbXAlM0Jwb3BJZHglM0RmYWxzZSUyNmFtcCUzQmlzd2lkZSUzRHRydWUlMjZhbXAlM0Jib3JkZXIlM0R0cnVlJTI2YW1wJTNCZGlzcGxheV92ZXJzaW9uJTNEMiUyMiUzRSUzQyUyRnNjcmlwdCUzRSUwQQ==[\/vc_raw_html][\/vc_column][\/vc_row]<\/div>","protected":false},"excerpt":{"rendered":"[vc_row css=&#8221;.vc_custom_1589450047649{background-color: #e2e2e2 !important;}&#8221;][vc_column][vc_column_text css=&#8221;.vc_custom_1773827956226{margin-bottom: 10px !important;}&#8221;] Venezia &#8211; Cannaregio 367\/A Telefono: +39041716037 Email: osteria.al.cicheto@gmail.com Aperto dal luned\u00ec a sabato a pranzo e cena, domenica chiuso \u00a0 [\/vc_column_text][vc_column_text css=&#8221;&#8221;] FOTO PIATTI GUARDA LA MAPPA [\/vc_column_text][\/vc_column][\/vc_row][vc_row disable_element=&#8221;yes&#8221; css=&#8221;.vc_custom_1596707724708{background-color: #e2e2e2 !important;}&#8221;][vc_column width=&#8221;1\/2&#8243;][vc_column_text] Men\u00f9 PRANZO [\/vc_column_text][\/vc_column][vc_column width=&#8221;1\/2&#8243;][vc_column_text] Men\u00f9 CENA [\/vc_column_text][\/vc_column][\/vc_row][vc_row css=&#8221;.vc_custom_1711623554299{margin-top: 20px !important;margin-bottom: 0px !important;padding-bottom: 0px !important;}&#8221;][vc_column][vc_row_inner css=&#8221;.vc_custom_1711623047719{margin-bottom: [&hellip;]","protected":false},"author":18,"featured_media":2504,"parent":0,"menu_order":0,"comment_status":"closed","ping_status":"closed","template":"","meta":{"_acf_changed":false,"footnotes":""},"class_list":["post-2749","page","type-page","status-publish","has-post-thumbnail","hentry"],"acf":[],"yoast_head":"<!-- This site is optimized with the Yoast SEO plugin v25.3.1 - https:\/\/yoast.com\/wordpress\/plugins\/seo\/ -->\n<title>Home - Osteria al Cicheto<\/title>\n<meta name=\"description\" content=\"L\u2019Osteria al Cicheto \u00e8 un piccolo bacaro veneziano nascosto in una laterale di Lista di Spagna, a pochi minuti a piedi dalla stazione ferroviaria. Da noi \u00e8 possibile fare un aperitivo, uno spuntino veloce, o un pranzo vero e proprio.\" \/>\n<meta name=\"robots\" content=\"index, follow, max-snippet:-1, max-image-preview:large, max-video-preview:-1\" \/>\n<link rel=\"canonical\" href=\"https:\/\/www.osteria-al-cicheto.it\/it\/\" \/>\n<meta property=\"og:locale\" content=\"it_IT\" \/>\n<meta property=\"og:type\" content=\"article\" \/>\n<meta property=\"og:title\" content=\"Home - Osteria al Cicheto\" \/>\n<meta property=\"og:description\" content=\"L\u2019Osteria al Cicheto \u00e8 un piccolo bacaro veneziano nascosto in una laterale di Lista di Spagna, a pochi minuti a piedi dalla stazione ferroviaria. Da noi \u00e8 possibile fare un aperitivo, uno spuntino veloce, o un pranzo vero e proprio.\" \/>\n<meta property=\"og:url\" content=\"https:\/\/www.osteria-al-cicheto.it\/it\/\" \/>\n<meta property=\"og:site_name\" content=\"Osteria al Cicheto\" \/>\n<meta property=\"article:modified_time\" content=\"2026-03-18T10:01:05+00:00\" \/>\n<meta property=\"og:image\" content=\"https:\/\/www.osteria-al-cicheto.it\/wp-content\/uploads\/2017\/06\/13667938_1015757751833460_2229724182641895172_o.jpg\" \/>\n\t<meta property=\"og:image:width\" content=\"1000\" \/>\n\t<meta property=\"og:image:height\" content=\"499\" \/>\n\t<meta property=\"og:image:type\" content=\"image\/jpeg\" \/>\n<meta name=\"twitter:card\" content=\"summary_large_image\" \/>\n<meta name=\"twitter:label1\" content=\"Tempo di lettura stimato\" \/>\n\t<meta name=\"twitter:data1\" content=\"26 minuti\" \/>\n<script type=\"application\/ld+json\" class=\"yoast-schema-graph\">{\"@context\":\"https:\/\/schema.org\",\"@graph\":[{\"@type\":\"WebPage\",\"@id\":\"https:\/\/www.osteria-al-cicheto.it\/it\/\",\"url\":\"https:\/\/www.osteria-al-cicheto.it\/it\/\",\"name\":\"Home - Osteria al Cicheto\",\"isPartOf\":{\"@id\":\"https:\/\/www.osteria-al-cicheto.it\/it\/#website\"},\"primaryImageOfPage\":{\"@id\":\"https:\/\/www.osteria-al-cicheto.it\/it\/#primaryimage\"},\"image\":{\"@id\":\"https:\/\/www.osteria-al-cicheto.it\/#primaryimage\"},\"thumbnailUrl\":\"https:\/\/www.osteria-al-cicheto.it\/wp-content\/uploads\/2017\/06\/13667938_1015757751833460_2229724182641895172_o.jpg\",\"datePublished\":\"2023-05-05T13:14:50+00:00\",\"dateModified\":\"2026-03-18T10:01:05+00:00\",\"description\":\"L\u2019Osteria al Cicheto \u00e8 un piccolo bacaro veneziano nascosto in una laterale di Lista di Spagna, a pochi minuti a piedi dalla stazione ferroviaria. Da noi \u00e8 possibile fare un aperitivo, uno spuntino veloce, o un pranzo vero e proprio.\",\"breadcrumb\":{\"@id\":\"https:\/\/www.osteria-al-cicheto.it\/it\/#breadcrumb\"},\"inLanguage\":\"it-IT\",\"potentialAction\":[{\"@type\":\"ReadAction\",\"target\":[[\"https:\/\/www.osteria-al-cicheto.it\/it\/\"]]}]},{\"@type\":\"ImageObject\",\"inLanguage\":\"it-IT\",\"@id\":\"https:\/\/www.osteria-al-cicheto.it\/it\/#primaryimage\",\"url\":\"https:\/\/www.osteria-al-cicheto.it\/wp-content\/uploads\/2017\/06\/13667938_1015757751833460_2229724182641895172_o.jpg\",\"contentUrl\":\"https:\/\/www.osteria-al-cicheto.it\/wp-content\/uploads\/2017\/06\/13667938_1015757751833460_2229724182641895172_o.jpg\",\"width\":1000,\"height\":499},{\"@type\":\"BreadcrumbList\",\"@id\":\"https:\/\/www.osteria-al-cicheto.it\/it\/#breadcrumb\",\"itemListElement\":[{\"@type\":\"ListItem\",\"position\":1,\"name\":\"Home\",\"item\":\"https:\/\/www.osteria-al-cicheto.it\/it\/\"},{\"@type\":\"ListItem\",\"position\":2,\"name\":\"Home\"}]},{\"@type\":\"WebSite\",\"@id\":\"https:\/\/www.osteria-al-cicheto.it\/it\/#website\",\"url\":\"https:\/\/www.osteria-al-cicheto.it\/it\/\",\"name\":\"Osteria al Cicheto\",\"description\":\"\",\"potentialAction\":[{\"@type\":\"SearchAction\",\"target\":{\"@type\":\"EntryPoint\",\"urlTemplate\":\"https:\/\/www.osteria-al-cicheto.it\/it\/?s={search_term_string}\"},\"query-input\":{\"@type\":\"PropertyValueSpecification\",\"valueRequired\":true,\"valueName\":\"search_term_string\"}}],\"inLanguage\":\"it-IT\"}]}<\/script>\n<!-- \/ Yoast SEO plugin. -->","yoast_head_json":{"title":"Home - Osteria al Cicheto","description":"L\u2019Osteria al Cicheto \u00e8 un piccolo bacaro veneziano nascosto in una laterale di Lista di Spagna, a pochi minuti a piedi dalla stazione ferroviaria. Da noi \u00e8 possibile fare un aperitivo, uno spuntino veloce, o un pranzo vero e proprio.","robots":{"index":"index","follow":"follow","max-snippet":"max-snippet:-1","max-image-preview":"max-image-preview:large","max-video-preview":"max-video-preview:-1"},"canonical":"https:\/\/www.osteria-al-cicheto.it\/it\/","og_locale":"it_IT","og_type":"article","og_title":"Home - Osteria al Cicheto","og_description":"L\u2019Osteria al Cicheto \u00e8 un piccolo bacaro veneziano nascosto in una laterale di Lista di Spagna, a pochi minuti a piedi dalla stazione ferroviaria. Da noi \u00e8 possibile fare un aperitivo, uno spuntino veloce, o un pranzo vero e proprio.","og_url":"https:\/\/www.osteria-al-cicheto.it\/it\/","og_site_name":"Osteria al Cicheto","article_modified_time":"2026-03-18T10:01:05+00:00","og_image":[{"width":1000,"height":499,"url":"https:\/\/www.osteria-al-cicheto.it\/wp-content\/uploads\/2017\/06\/13667938_1015757751833460_2229724182641895172_o.jpg","type":"image\/jpeg"}],"twitter_card":"summary_large_image","twitter_misc":{"Tempo di lettura stimato":"26 minuti"},"schema":{"@context":"https:\/\/schema.org","@graph":[{"@type":"WebPage","@id":"https:\/\/www.osteria-al-cicheto.it\/it\/","url":"https:\/\/www.osteria-al-cicheto.it\/it\/","name":"Home - Osteria al Cicheto","isPartOf":{"@id":"https:\/\/www.osteria-al-cicheto.it\/it\/#website"},"primaryImageOfPage":{"@id":"https:\/\/www.osteria-al-cicheto.it\/it\/#primaryimage"},"image":{"@id":"https:\/\/www.osteria-al-cicheto.it\/#primaryimage"},"thumbnailUrl":"https:\/\/www.osteria-al-cicheto.it\/wp-content\/uploads\/2017\/06\/13667938_1015757751833460_2229724182641895172_o.jpg","datePublished":"2023-05-05T13:14:50+00:00","dateModified":"2026-03-18T10:01:05+00:00","description":"L\u2019Osteria al Cicheto \u00e8 un piccolo bacaro veneziano nascosto in una laterale di Lista di Spagna, a pochi minuti a piedi dalla stazione ferroviaria. Da noi \u00e8 possibile fare un aperitivo, uno spuntino veloce, o un pranzo vero e proprio.","breadcrumb":{"@id":"https:\/\/www.osteria-al-cicheto.it\/it\/#breadcrumb"},"inLanguage":"it-IT","potentialAction":[{"@type":"ReadAction","target":[["https:\/\/www.osteria-al-cicheto.it\/it\/"]]}]},{"@type":"ImageObject","inLanguage":"it-IT","@id":"https:\/\/www.osteria-al-cicheto.it\/it\/#primaryimage","url":"https:\/\/www.osteria-al-cicheto.it\/wp-content\/uploads\/2017\/06\/13667938_1015757751833460_2229724182641895172_o.jpg","contentUrl":"https:\/\/www.osteria-al-cicheto.it\/wp-content\/uploads\/2017\/06\/13667938_1015757751833460_2229724182641895172_o.jpg","width":1000,"height":499},{"@type":"BreadcrumbList","@id":"https:\/\/www.osteria-al-cicheto.it\/it\/#breadcrumb","itemListElement":[{"@type":"ListItem","position":1,"name":"Home","item":"https:\/\/www.osteria-al-cicheto.it\/it\/"},{"@type":"ListItem","position":2,"name":"Home"}]},{"@type":"WebSite","@id":"https:\/\/www.osteria-al-cicheto.it\/it\/#website","url":"https:\/\/www.osteria-al-cicheto.it\/it\/","name":"Osteria al Cicheto","description":"","potentialAction":[{"@type":"SearchAction","target":{"@type":"EntryPoint","urlTemplate":"https:\/\/www.osteria-al-cicheto.it\/it\/?s={search_term_string}"},"query-input":{"@type":"PropertyValueSpecification","valueRequired":true,"valueName":"search_term_string"}}],"inLanguage":"it-IT"}]}},"_links":{"self":[{"href":"https:\/\/www.osteria-al-cicheto.it\/it\/wp-json\/wp\/v2\/pages\/2749","targetHints":{"allow":["GET"]}}],"collection":[{"href":"https:\/\/www.osteria-al-cicheto.it\/it\/wp-json\/wp\/v2\/pages"}],"about":[{"href":"https:\/\/www.osteria-al-cicheto.it\/it\/wp-json\/wp\/v2\/types\/page"}],"author":[{"embeddable":true,"href":"https:\/\/www.osteria-al-cicheto.it\/it\/wp-json\/wp\/v2\/users\/18"}],"replies":[{"embeddable":true,"href":"https:\/\/www.osteria-al-cicheto.it\/it\/wp-json\/wp\/v2\/comments?post=2749"}],"version-history":[{"count":67,"href":"https:\/\/www.osteria-al-cicheto.it\/it\/wp-json\/wp\/v2\/pages\/2749\/revisions"}],"predecessor-version":[{"id":3250,"href":"https:\/\/www.osteria-al-cicheto.it\/it\/wp-json\/wp\/v2\/pages\/2749\/revisions\/3250"}],"wp:featuredmedia":[{"embeddable":true,"href":"https:\/\/www.osteria-al-cicheto.it\/it\/wp-json\/wp\/v2\/media\/2504"}],"wp:attachment":[{"href":"https:\/\/www.osteria-al-cicheto.it\/it\/wp-json\/wp\/v2\/media?parent=2749"}],"curies":[{"name":"wp","href":"https:\/\/api.w.org\/{rel}","templated":true}]}}